{"id":302,"date":"2024-12-09T12:51:28","date_gmt":"2024-12-09T12:51:28","guid":{"rendered":"https:\/\/www.mysaracen.com\/?post_type=product&#038;p=302"},"modified":"2026-04-28T17:05:52","modified_gmt":"2026-04-28T17:05:52","slug":"saracen-basic-197-mm","status":"publish","type":"product","link":"https:\/\/www.mysaracen.com\/en\/product\/saracen-basic-197-mm\/","title":{"rendered":"Saracen Basic 197 mm"},"content":{"rendered":"<p>Univerz\u00e1ln\u00ed kucha\u0159sk\u00fd n\u016f\u017e z vysoce kvalitn\u00ed oceli 9Cr18MoV, ur\u010den hlavn\u011b na kr\u00e1jen\u00ed zeleniny, chleba a masa. Po ty, kte\u0159\u00ed maj\u00ed v oblib\u011b klasick\u00fd tvar no\u017ee.<\/p>","protected":false},"excerpt":{"rendered":"<p>Universal kitchen knife made of 9Cr18MoV steel with a classic shape, designed for everyday use. Reliable hardness and easy maintenance.<\/p>","protected":false},"featured_media":1550,"comment_status":"open","ping_status":"closed","template":"","meta":{"_acf_changed":false},"delka-cepele":[45],"product_brand":[],"product_cat":[46],"product_tag":[47],"class_list":{"0":"post-302","1":"product","2":"type-product","3":"status-publish","4":"has-post-thumbnail","6":"delka-cepele-197-mm","7":"product_cat-saracen-basic","8":"product_tag-9cr18mov","10":"first","11":"instock","12":"taxable","13":"shipping-taxable","14":"purchasable","15":"product-type-simple"},"acf":[],"_links":{"self":[{"href":"https:\/\/www.mysaracen.com\/en\/wp-json\/wp\/v2\/product\/302","targetHints":{"allow":["GET"]}}],"collection":[{"href":"https:\/\/www.mysaracen.com\/en\/wp-json\/wp\/v2\/product"}],"about":[{"href":"https:\/\/www.mysaracen.com\/en\/wp-json\/wp\/v2\/types\/product"}],"replies":[{"embeddable":true,"href":"https:\/\/www.mysaracen.com\/en\/wp-json\/wp\/v2\/comments?post=302"}],"wp:featuredmedia":[{"embeddable":true,"href":"https:\/\/www.mysaracen.com\/en\/wp-json\/wp\/v2\/media\/1550"}],"wp:attachment":[{"href":"https:\/\/www.mysaracen.com\/en\/wp-json\/wp\/v2\/media?parent=302"}],"wp:term":[{"taxonomy":"delka-cepele","embeddable":true,"href":"https:\/\/www.mysaracen.com\/en\/wp-json\/wp\/v2\/delka-cepele?post=302"},{"taxonomy":"product_brand","embeddable":true,"href":"https:\/\/www.mysaracen.com\/en\/wp-json\/wp\/v2\/product_brand?post=302"},{"taxonomy":"product_cat","embeddable":true,"href":"https:\/\/www.mysaracen.com\/en\/wp-json\/wp\/v2\/product_cat?post=302"},{"taxonomy":"product_tag","embeddable":true,"href":"https:\/\/www.mysaracen.com\/en\/wp-json\/wp\/v2\/product_tag?post=302"}],"curies":[{"name":"wp","href":"https:\/\/api.w.org\/{rel}","templated":true}]}}