{"id":1596,"date":"2025-09-22T12:23:38","date_gmt":"2025-09-22T12:23:38","guid":{"rendered":"https:\/\/www.mysaracen.com\/?post_type=product&#038;p=1596"},"modified":"2025-10-22T09:53:28","modified_gmt":"2025-10-22T09:53:28","slug":"saracen-black-diamond-265-mm-10-43","status":"publish","type":"product","link":"https:\/\/www.mysaracen.com\/en\/product\/saracen-black-diamond-265-mm-10-43\/","title":{"rendered":"SARACEN Black Diamond 265 mm (10.43\u2033)"},"content":{"rendered":"<p>Chef's knife<strong> made of Damascus steel with a DLC (diamond-like carbon) coating<\/strong> ur\u010den hlavn\u011b na kr\u00e1jen\u00ed zeleniny, ovoce, masa a ryb. N\u016f\u017e Saracen Eclipse je odleh\u010denou verz\u00ed no\u017ee Saracen a vynik\u00e1 sv\u00fdm unik\u00e1tn\u00edm elegantn\u00edm tvarem a ergonomickou rukojet\u00ed. Tvar no\u017ee zaji\u0161\u0165uje sna\u017e\u0161\u00ed a p\u0159\u00edjemn\u011bj\u0161\u00ed kr\u00e1jen\u00ed. Tento rozm\u011br \u010depele umo\u017e\u0148uje \u0159ez jedn\u00edm tahem a je vhodn\u00fd jak do dom\u00e1c\u00edch, tak profesion\u00e1ln\u00edch kuchyn\u00ed. Pro svou velikost jej up\u0159ednost\u0148uj\u00ed p\u0159edev\u0161\u00edm mu\u017ei.<br \/>\nDLC \u00faprava \u010depele podtrhuje designovou eleganci no\u017ee, sni\u017euje t\u0159en\u00ed a zvy\u0161uje odolnost \u010depele. T\u00edm je tak\u00e9 vhodn\u00fd nap\u0159\u00edklad jako sb\u011bratelsk\u00fd kousek.<\/p>","protected":false},"excerpt":{"rendered":"<p>The longest model in the series with DLC (diamond-like carbon) finish. The heavier, perfectly guided blade allows for long, smooth cuts of meat or fish. Its elegant shape and surface also make it suitable for collectors.<\/p>","protected":false},"featured_media":1125,"comment_status":"closed","ping_status":"closed","template":"","meta":{"_acf_changed":false},"delka-cepele":[37],"product_brand":[],"product_cat":[32],"product_tag":[35,50],"class_list":{"0":"post-1596","1":"product","2":"type-product","3":"status-publish","4":"has-post-thumbnail","6":"delka-cepele-265-mm","7":"product_cat-saracen-black-diamond","8":"product_tag-damaskova-ocel-s-upravou-dlc","9":"product_tag-na-dotaz","11":"first","12":"onbackorder","13":"taxable","14":"shipping-taxable","15":"purchasable","16":"product-type-simple"},"acf":[],"_links":{"self":[{"href":"https:\/\/www.mysaracen.com\/en\/wp-json\/wp\/v2\/product\/1596","targetHints":{"allow":["GET"]}}],"collection":[{"href":"https:\/\/www.mysaracen.com\/en\/wp-json\/wp\/v2\/product"}],"about":[{"href":"https:\/\/www.mysaracen.com\/en\/wp-json\/wp\/v2\/types\/product"}],"replies":[{"embeddable":true,"href":"https:\/\/www.mysaracen.com\/en\/wp-json\/wp\/v2\/comments?post=1596"}],"wp:featuredmedia":[{"embeddable":true,"href":"https:\/\/www.mysaracen.com\/en\/wp-json\/wp\/v2\/media\/1125"}],"wp:attachment":[{"href":"https:\/\/www.mysaracen.com\/en\/wp-json\/wp\/v2\/media?parent=1596"}],"wp:term":[{"taxonomy":"delka-cepele","embeddable":true,"href":"https:\/\/www.mysaracen.com\/en\/wp-json\/wp\/v2\/delka-cepele?post=1596"},{"taxonomy":"product_brand","embeddable":true,"href":"https:\/\/www.mysaracen.com\/en\/wp-json\/wp\/v2\/product_brand?post=1596"},{"taxonomy":"product_cat","embeddable":true,"href":"https:\/\/www.mysaracen.com\/en\/wp-json\/wp\/v2\/product_cat?post=1596"},{"taxonomy":"product_tag","embeddable":true,"href":"https:\/\/www.mysaracen.com\/en\/wp-json\/wp\/v2\/product_tag?post=1596"}],"curies":[{"name":"wp","href":"https:\/\/api.w.org\/{rel}","templated":true}]}}