{"id":1138,"date":"2025-09-05T10:53:53","date_gmt":"2025-09-05T10:53:53","guid":{"rendered":"https:\/\/www.mysaracen.com\/?post_type=product&#038;p=1138"},"modified":"2026-04-21T14:35:59","modified_gmt":"2026-04-21T14:35:59","slug":"saracen-eclipse-black-diamond-220-mm-dlc-8-66","status":"publish","type":"product","link":"https:\/\/www.mysaracen.com\/en\/product\/saracen-eclipse-black-diamond-220-mm-dlc-8-66\/","title":{"rendered":"SARACEN Eclipse Black Diamond 220 mm DLC (8.66\u2033)"},"content":{"rendered":"<p>Chef's knife <strong>z dama\u0161kov\u00e9 oceli s povrchovou \u00fapravou DLC (diamond like carbon<\/strong><strong>)<\/strong>, ur\u010den hlavn\u011b na kr\u00e1jen\u00ed zeleniny, ovoce, masa i pe\u010diva. D\u00edky sv\u00e9 kompaktn\u00ed velikosti \u010depele ocen\u00ed tento n\u016f\u017e tak\u00e9 \u017eeny.<\/p>","protected":false},"excerpt":{"rendered":"<p>Compact Eclipse knife with DLC (diamond-like carbon) coating and a dark blade finish, designed for precise daily work. The hard surface reduces friction and increases edge durability.<\/p>","protected":false},"featured_media":1128,"comment_status":"open","ping_status":"closed","template":"","meta":{"_acf_changed":false},"delka-cepele":[39],"product_brand":[],"product_cat":[33],"product_tag":[35],"class_list":{"0":"post-1138","1":"product","2":"type-product","3":"status-publish","4":"has-post-thumbnail","6":"delka-cepele-220-mm","7":"product_cat-saracen-eclipse-black-diamond","8":"product_tag-damaskova-ocel-s-upravou-dlc","10":"first","11":"instock","12":"taxable","13":"shipping-taxable","14":"purchasable","15":"product-type-simple"},"acf":[],"_links":{"self":[{"href":"https:\/\/www.mysaracen.com\/en\/wp-json\/wp\/v2\/product\/1138","targetHints":{"allow":["GET"]}}],"collection":[{"href":"https:\/\/www.mysaracen.com\/en\/wp-json\/wp\/v2\/product"}],"about":[{"href":"https:\/\/www.mysaracen.com\/en\/wp-json\/wp\/v2\/types\/product"}],"replies":[{"embeddable":true,"href":"https:\/\/www.mysaracen.com\/en\/wp-json\/wp\/v2\/comments?post=1138"}],"wp:featuredmedia":[{"embeddable":true,"href":"https:\/\/www.mysaracen.com\/en\/wp-json\/wp\/v2\/media\/1128"}],"wp:attachment":[{"href":"https:\/\/www.mysaracen.com\/en\/wp-json\/wp\/v2\/media?parent=1138"}],"wp:term":[{"taxonomy":"delka-cepele","embeddable":true,"href":"https:\/\/www.mysaracen.com\/en\/wp-json\/wp\/v2\/delka-cepele?post=1138"},{"taxonomy":"product_brand","embeddable":true,"href":"https:\/\/www.mysaracen.com\/en\/wp-json\/wp\/v2\/product_brand?post=1138"},{"taxonomy":"product_cat","embeddable":true,"href":"https:\/\/www.mysaracen.com\/en\/wp-json\/wp\/v2\/product_cat?post=1138"},{"taxonomy":"product_tag","embeddable":true,"href":"https:\/\/www.mysaracen.com\/en\/wp-json\/wp\/v2\/product_tag?post=1138"}],"curies":[{"name":"wp","href":"https:\/\/api.w.org\/{rel}","templated":true}]}}