{"id":1137,"date":"2025-09-05T10:52:17","date_gmt":"2025-09-05T10:52:17","guid":{"rendered":"https:\/\/www.mysaracen.com\/?post_type=product&#038;p=1137"},"modified":"2026-04-28T17:54:48","modified_gmt":"2026-04-28T17:54:48","slug":"saracen-eclipse-240-mm-9-45","status":"publish","type":"product","link":"https:\/\/www.mysaracen.com\/en\/product\/saracen-eclipse-240-mm-9-45\/","title":{"rendered":"SARACEN Eclipse 240 mm (9.45\u2033)"},"content":{"rendered":"<p>Chef's knife<strong> made od Damascus steel,<\/strong> ur\u010den hlavn\u011b na kr\u00e1jen\u00ed zeleniny, ovoce, masa i pe\u010diva. N\u016f\u017e Saracen Eclipse je odleh\u010denou verz\u00ed no\u017ee Saracen a vynik\u00e1 sv\u00fdm unik\u00e1tn\u00edm elegantn\u00edm tvarem a ergonomickou rukojet\u00ed. Tvar no\u017ee zaji\u0161\u0165uje sna\u017e\u0161\u00ed a p\u0159\u00edjemn\u011bj\u0161\u00ed kr\u00e1jen\u00ed. Tento rozm\u011br \u010depele umo\u017e\u0148uje \u0159ez jedn\u00edm tahem a je vhodn\u00fd jak do dom\u00e1c\u00edch, tak profesion\u00e1ln\u00edch kuchyn\u00ed.<\/p>","protected":false},"excerpt":{"rendered":"<p>Elegant and finely balanced Damascus knife with a longer blade, designed for single-stroke cutting. Excels in efficiency both in professional settings and home kitchens.<\/p>","protected":false},"featured_media":1130,"comment_status":"open","ping_status":"closed","template":"","meta":{"_acf_changed":false},"delka-cepele":[40],"product_brand":[],"product_cat":[31],"product_tag":[36],"class_list":{"0":"post-1137","1":"product","2":"type-product","3":"status-publish","4":"has-post-thumbnail","6":"delka-cepele-240-mm","7":"product_cat-saracen-eclipse","8":"product_tag-damaskova-ocel","10":"first","11":"instock","12":"taxable","13":"shipping-taxable","14":"purchasable","15":"product-type-simple"},"acf":[],"_links":{"self":[{"href":"https:\/\/www.mysaracen.com\/en\/wp-json\/wp\/v2\/product\/1137","targetHints":{"allow":["GET"]}}],"collection":[{"href":"https:\/\/www.mysaracen.com\/en\/wp-json\/wp\/v2\/product"}],"about":[{"href":"https:\/\/www.mysaracen.com\/en\/wp-json\/wp\/v2\/types\/product"}],"replies":[{"embeddable":true,"href":"https:\/\/www.mysaracen.com\/en\/wp-json\/wp\/v2\/comments?post=1137"}],"wp:featuredmedia":[{"embeddable":true,"href":"https:\/\/www.mysaracen.com\/en\/wp-json\/wp\/v2\/media\/1130"}],"wp:attachment":[{"href":"https:\/\/www.mysaracen.com\/en\/wp-json\/wp\/v2\/media?parent=1137"}],"wp:term":[{"taxonomy":"delka-cepele","embeddable":true,"href":"https:\/\/www.mysaracen.com\/en\/wp-json\/wp\/v2\/delka-cepele?post=1137"},{"taxonomy":"product_brand","embeddable":true,"href":"https:\/\/www.mysaracen.com\/en\/wp-json\/wp\/v2\/product_brand?post=1137"},{"taxonomy":"product_cat","embeddable":true,"href":"https:\/\/www.mysaracen.com\/en\/wp-json\/wp\/v2\/product_cat?post=1137"},{"taxonomy":"product_tag","embeddable":true,"href":"https:\/\/www.mysaracen.com\/en\/wp-json\/wp\/v2\/product_tag?post=1137"}],"curies":[{"name":"wp","href":"https:\/\/api.w.org\/{rel}","templated":true}]}}