{"id":98,"date":"2024-12-05T09:34:09","date_gmt":"2024-12-05T09:34:09","guid":{"rendered":"https:\/\/www.mysaracen.com\/kosik\/"},"modified":"2025-09-16T12:10:54","modified_gmt":"2025-09-16T12:10:54","slug":"kosik","status":"publish","type":"page","link":"https:\/\/www.mysaracen.com\/en\/kosik\/","title":{"rendered":"Cart"},"content":{"rendered":"<div data-elementor-type=\"wp-page\" data-elementor-id=\"98\" class=\"elementor elementor-98\" data-elementor-post-type=\"page\">\n\t\t\t\t<div class=\"elementor-element elementor-element-c5ddd70 e-flex e-con-boxed e-con e-parent\" data-id=\"c5ddd70\" data-element_type=\"container\">\n\t\t\t\t\t<div class=\"e-con-inner\">\n\t\t<div class=\"elementor-element elementor-element-247267b e-con-full e-flex e-con e-child\" data-id=\"247267b\" data-element_type=\"container\">\n\t\t\t\t<div class=\"elementor-element elementor-element-c92a140 elementor-widget elementor-widget-heading\" data-id=\"c92a140\" data-element_type=\"widget\" data-widget_type=\"heading.default\">\n\t\t\t\t<div class=\"elementor-widget-container\">\n\t\t\t\t\t<h3 class=\"elementor-heading-title elementor-size-default\">Cart<\/h3>\t\t\t\t<\/div>\n\t\t\t\t<\/div>\n\t\t\t\t<\/div>\n\t\t\t\t\t<\/div>\n\t\t\t\t<\/div>\n\t\t<div class=\"elementor-element elementor-element-0212279 e-flex e-con-boxed e-con e-parent\" data-id=\"0212279\" data-element_type=\"container\" data-settings=\"{&quot;background_background&quot;:&quot;classic&quot;}\">\n\t\t\t\t\t<div class=\"e-con-inner\">\n\t\t\t\t<div class=\"elementor-element elementor-element-b7a13c8 elementor-widget elementor-widget-heading\" data-id=\"b7a13c8\" data-element_type=\"widget\" data-widget_type=\"heading.default\">\n\t\t\t\t<div class=\"elementor-widget-container\">\n\t\t\t\t\t<h3 class=\"elementor-heading-title elementor-size-default\">You also like:<\/h3>\t\t\t\t<\/div>\n\t\t\t\t<\/div>\n\t\t\t\t<div class=\"woocommerce elementor-element elementor-element-9e248df elementor-grid-3 elementor-grid-tablet-2 elementor-grid-mobile-1 elementor-widget elementor-widget-loop-grid\" data-id=\"9e248df\" data-element_type=\"widget\" data-settings=\"{&quot;_skin&quot;:&quot;product&quot;,&quot;template_id&quot;:&quot;1360&quot;,&quot;columns&quot;:3,&quot;columns_tablet&quot;:&quot;2&quot;,&quot;columns_mobile&quot;:&quot;1&quot;,&quot;edit_handle_selector&quot;:&quot;[data-elementor-type=\\&quot;loop-item\\&quot;]&quot;,&quot;row_gap&quot;:{&quot;unit&quot;:&quot;px&quot;,&quot;size&quot;:&quot;&quot;,&quot;sizes&quot;:[]},&quot;row_gap_laptop&quot;:{&quot;unit&quot;:&quot;px&quot;,&quot;size&quot;:&quot;&quot;,&quot;sizes&quot;:[]},&quot;row_gap_tablet&quot;:{&quot;unit&quot;:&quot;px&quot;,&quot;size&quot;:&quot;&quot;,&quot;sizes&quot;:[]},&quot;row_gap_mobile&quot;:{&quot;unit&quot;:&quot;px&quot;,&quot;size&quot;:&quot;&quot;,&quot;sizes&quot;:[]}}\" data-widget_type=\"loop-grid.product\">\n\t\t\t\t<div class=\"elementor-widget-container\">\n\t\t\t\t\t\t\t<div class=\"elementor-loop-container elementor-grid\" role=\"list\">\n\t\t<style id=\"loop-1360\">.elementor-1360 .elementor-element.elementor-element-71a97d50{--display:flex;border-style:solid;--border-style:solid;border-width:1px 1px 1px 1px;--border-top-width:1px;--border-right-width:1px;--border-bottom-width:1px;--border-left-width:1px;border-color:var( --e-global-color-9ff8918 );--border-color:var( --e-global-color-9ff8918 );--padding-top:20px;--padding-bottom:20px;--padding-left:20px;--padding-right:20px;}.elementor-1360 .elementor-element.elementor-element-71a97d50:not(.elementor-motion-effects-element-type-background), .elementor-1360 .elementor-element.elementor-element-71a97d50 > .elementor-motion-effects-container > .elementor-motion-effects-layer{background-color:#FFFFFF;}.elementor-1360 .elementor-element.elementor-element-2f4061a9{--display:flex;}.elementor-widget-image .widget-image-caption{color:var( --e-global-color-text );font-family:var( --e-global-typography-text-font-family ), Sans-serif;font-weight:var( --e-global-typography-text-font-weight );}.elementor-1360 .elementor-element.elementor-element-2038cfb4 img{width:100%;transition-duration:0.9s;}.elementor-1360 .elementor-element.elementor-element-a5bd822{--display:flex;--flex-direction:row;--container-widget-width:calc( ( 1 - var( --container-widget-flex-grow ) ) * 100% );--container-widget-height:100%;--container-widget-flex-grow:1;--container-widget-align-self:stretch;--flex-wrap-mobile:wrap;--justify-content:space-between;--align-items:center;--margin-top:0px;--margin-bottom:-20px;--margin-left:0px;--margin-right:0px;--padding-top:0px;--padding-bottom:0px;--padding-left:0px;--padding-right:0px;}.elementor-widget-heading .elementor-heading-title{font-family:var( --e-global-typography-primary-font-family ), Sans-serif;font-size:var( --e-global-typography-primary-font-size );font-weight:var( --e-global-typography-primary-font-weight );color:var( --e-global-color-primary );}.elementor-1360 .elementor-element.elementor-element-4a0ff505 .elementor-heading-title{font-family:\"Montserrat\", Sans-serif;font-size:14px;font-weight:600;line-height:25px;color:var( --e-global-color-9aab7e3 );}.elementor-widget-icon.elementor-view-stacked .elementor-icon{background-color:var( --e-global-color-primary );}.elementor-widget-icon.elementor-view-framed .elementor-icon, .elementor-widget-icon.elementor-view-default .elementor-icon{color:var( --e-global-color-primary );border-color:var( --e-global-color-primary );}.elementor-widget-icon.elementor-view-framed .elementor-icon, .elementor-widget-icon.elementor-view-default .elementor-icon svg{fill:var( --e-global-color-primary );}.elementor-1360 .elementor-element.elementor-element-f1332ad .elementor-icon-wrapper{text-align:center;}.elementor-1360 .elementor-element.elementor-element-f1332ad .elementor-icon{font-size:12px;padding:22px;}.elementor-1360 .elementor-element.elementor-element-f1332ad .elementor-icon svg{height:12px;}.elementor-1360 .elementor-element.elementor-element-25cb807c{--display:flex;--flex-direction:row;--container-widget-width:calc( ( 1 - var( --container-widget-flex-grow ) ) * 100% );--container-widget-height:100%;--container-widget-flex-grow:1;--container-widget-align-self:stretch;--flex-wrap-mobile:wrap;--justify-content:space-between;--align-items:center;--padding-top:0px;--padding-bottom:0px;--padding-left:0px;--padding-right:0px;}.elementor-1360 .elementor-element.elementor-element-536ebcdc .elementor-heading-title{font-family:\"Montserrat\", Sans-serif;font-size:15px;font-weight:600;color:#2D2F489C;}@media(max-width:1366px){.elementor-widget-heading .elementor-heading-title{font-size:var( --e-global-typography-primary-font-size );}}@media(max-width:1024px){.elementor-widget-heading .elementor-heading-title{font-size:var( --e-global-typography-primary-font-size );}}@media(max-width:767px){.elementor-widget-heading .elementor-heading-title{font-size:var( --e-global-typography-primary-font-size );}}<\/style>\t\t<div data-elementor-type=\"loop-item\" data-elementor-id=\"1360\" class=\"elementor elementor-1360 e-loop-item e-loop-item-1369 post-1369 product type-product status-publish has-post-thumbnail product_cat-doplnky first instock taxable shipping-taxable purchasable product-type-simple\" data-elementor-post-type=\"elementor_library\" data-custom-edit-handle=\"1\">\n\t\t\t<a class=\"elementor-element elementor-element-71a97d50 e-flex e-con-boxed e-con e-parent\" data-id=\"71a97d50\" data-element_type=\"container\" data-settings=\"{&quot;background_background&quot;:&quot;classic&quot;}\" href=\"https:\/\/www.mysaracen.com\/en?add-to-cart=1369&#038;quantity=1&#038;e-redirect=https:\/\/www.mysaracen.com\/en\/product\/brusny-kamen-saracen\/\">\n\t\t\t\t\t<div class=\"e-con-inner\">\n\t\t<div class=\"elementor-element elementor-element-2f4061a9 e-con-full e-flex e-con e-child\" data-id=\"2f4061a9\" data-element_type=\"container\">\n\t\t\t\t<div class=\"elementor-element elementor-element-2038cfb4 elementor-widget elementor-widget-image\" data-id=\"2038cfb4\" data-element_type=\"widget\" data-widget_type=\"image.default\">\n\t\t\t\t<div class=\"elementor-widget-container\">\n\t\t\t\t\t\t\t\t\t\t\t\t\t\t\t<img fetchpriority=\"high\" decoding=\"async\" width=\"800\" height=\"800\" src=\"https:\/\/www.mysaracen.com\/wp-content\/uploads\/2025\/09\/brousek-1024x1024.webp\" class=\"elementor-animation-grow attachment-large size-large wp-image-1371\" alt=\"\" srcset=\"https:\/\/www.mysaracen.com\/wp-content\/uploads\/2025\/09\/brousek-1024x1024.webp 1024w, https:\/\/www.mysaracen.com\/wp-content\/uploads\/2025\/09\/brousek-300x300.webp 300w, https:\/\/www.mysaracen.com\/wp-content\/uploads\/2025\/09\/brousek-150x150.webp 150w, https:\/\/www.mysaracen.com\/wp-content\/uploads\/2025\/09\/brousek-768x768.webp 768w, https:\/\/www.mysaracen.com\/wp-content\/uploads\/2025\/09\/brousek-12x12.webp 12w, https:\/\/www.mysaracen.com\/wp-content\/uploads\/2025\/09\/brousek-600x600.webp 600w, https:\/\/www.mysaracen.com\/wp-content\/uploads\/2025\/09\/brousek-100x100.webp 100w, https:\/\/www.mysaracen.com\/wp-content\/uploads\/2025\/09\/brousek.webp 1080w\" sizes=\"(max-width: 800px) 100vw, 800px\" \/>\t\t\t\t\t\t\t\t\t\t\t\t\t\t\t<\/div>\n\t\t\t\t<\/div>\n\t\t\t\t<\/div>\n\t\t<div class=\"elementor-element elementor-element-a5bd822 e-con-full e-flex e-con e-child\" data-id=\"a5bd822\" data-element_type=\"container\">\n\t\t\t\t<div class=\"elementor-element elementor-element-4a0ff505 elementor-widget elementor-widget-heading\" data-id=\"4a0ff505\" data-element_type=\"widget\" data-widget_type=\"heading.default\">\n\t\t\t\t<div class=\"elementor-widget-container\">\n\t\t\t\t\t<h2 class=\"elementor-heading-title elementor-size-default\">Whetstone Saracen<\/h2>\t\t\t\t<\/div>\n\t\t\t\t<\/div>\n\t\t\t\t<div class=\"elementor-element elementor-element-f1332ad elementor-view-stacked elementor-shape-circle elementor-widget elementor-widget-icon\" data-id=\"f1332ad\" data-element_type=\"widget\" data-widget_type=\"icon.default\">\n\t\t\t\t<div class=\"elementor-widget-container\">\n\t\t\t\t\t\t\t<div class=\"elementor-icon-wrapper\">\n\t\t\t<div class=\"elementor-icon\">\n\t\t\t<svg aria-hidden=\"true\" class=\"e-font-icon-svg e-fas-plus\" viewbox=\"0 0 448 512\" xmlns=\"http:\/\/www.w3.org\/2000\/svg\"><path d=\"M416 208H272V64c0-17.67-14.33-32-32-32h-32c-17.67 0-32 14.33-32 32v144H32c-17.67 0-32 14.33-32 32v32c0 17.67 14.33 32 32 32h144v144c0 17.67 14.33 32 32 32h32c17.67 0 32-14.33 32-32V304h144c17.67 0 32-14.33 32-32v-32c0-17.67-14.33-32-32-32z\"><\/path><\/svg>\t\t\t<\/div>\n\t\t<\/div>\n\t\t\t\t\t\t<\/div>\n\t\t\t\t<\/div>\n\t\t\t\t<\/div>\n\t\t<div class=\"elementor-element elementor-element-25cb807c e-con-full e-flex e-con e-child\" data-id=\"25cb807c\" data-element_type=\"container\">\n\t\t\t\t<div class=\"elementor-element elementor-element-536ebcdc elementor-widget elementor-widget-heading\" data-id=\"536ebcdc\" data-element_type=\"widget\" data-widget_type=\"heading.default\">\n\t\t\t\t<div class=\"elementor-widget-container\">\n\t\t\t\t\t<h2 class=\"elementor-heading-title elementor-size-default\"><span class=\"price-incl-tax\"><span class=\"woocommerce-Price-amount amount\">1 240&nbsp;<span class=\"woocommerce-Price-currencySymbol\">&#075;&#269;<\/span><\/span><span class=\"price-incl-tax-suffix\">&nbsp;incl. VAT<\/span><\/span><\/h2>\t\t\t\t<\/div>\n\t\t\t\t<\/div>\n\t\t\t\t<\/div>\n\t\t\t\t\t<\/div>\n\t\t\t\t<\/a>\n\t\t\t\t<\/div>\n\t\t\t\t<div data-elementor-type=\"loop-item\" data-elementor-id=\"1360\" class=\"elementor elementor-1360 e-loop-item e-loop-item-1349 post-1349 product type-product status-publish has-post-thumbnail product_cat-doplnky  instock taxable shipping-taxable purchasable product-type-simple\" data-elementor-post-type=\"elementor_library\" data-custom-edit-handle=\"1\">\n\t\t\t<a class=\"elementor-element elementor-element-71a97d50 e-flex e-con-boxed e-con e-parent\" data-id=\"71a97d50\" data-element_type=\"container\" data-settings=\"{&quot;background_background&quot;:&quot;classic&quot;}\" href=\"https:\/\/www.mysaracen.com\/en?add-to-cart=1349&#038;quantity=1&#038;e-redirect=https:\/\/www.mysaracen.com\/en\/product\/darkova-taska\/\">\n\t\t\t\t\t<div class=\"e-con-inner\">\n\t\t<div class=\"elementor-element elementor-element-2f4061a9 e-con-full e-flex e-con e-child\" data-id=\"2f4061a9\" data-element_type=\"container\">\n\t\t\t\t<div class=\"elementor-element elementor-element-2038cfb4 elementor-widget elementor-widget-image\" data-id=\"2038cfb4\" data-element_type=\"widget\" data-widget_type=\"image.default\">\n\t\t\t\t<div class=\"elementor-widget-container\">\n\t\t\t\t\t\t\t\t\t\t\t\t\t\t\t<img decoding=\"async\" width=\"800\" height=\"800\" src=\"https:\/\/www.mysaracen.com\/wp-content\/uploads\/2025\/09\/Taska-2-1024x1024.jpg\" class=\"elementor-animation-grow attachment-large size-large wp-image-1351\" alt=\"\" srcset=\"https:\/\/www.mysaracen.com\/wp-content\/uploads\/2025\/09\/Taska-2-1024x1024.jpg 1024w, https:\/\/www.mysaracen.com\/wp-content\/uploads\/2025\/09\/Taska-2-300x300.jpg 300w, https:\/\/www.mysaracen.com\/wp-content\/uploads\/2025\/09\/Taska-2-150x150.jpg 150w, https:\/\/www.mysaracen.com\/wp-content\/uploads\/2025\/09\/Taska-2-768x768.jpg 768w, https:\/\/www.mysaracen.com\/wp-content\/uploads\/2025\/09\/Taska-2-1536x1536.jpg 1536w, https:\/\/www.mysaracen.com\/wp-content\/uploads\/2025\/09\/Taska-2-2048x2048.jpg 2048w, https:\/\/www.mysaracen.com\/wp-content\/uploads\/2025\/09\/Taska-2-12x12.jpg 12w, https:\/\/www.mysaracen.com\/wp-content\/uploads\/2025\/09\/Taska-2-600x600.jpg 600w, https:\/\/www.mysaracen.com\/wp-content\/uploads\/2025\/09\/Taska-2-100x100.jpg 100w\" sizes=\"(max-width: 800px) 100vw, 800px\" \/>\t\t\t\t\t\t\t\t\t\t\t\t\t\t\t<\/div>\n\t\t\t\t<\/div>\n\t\t\t\t<\/div>\n\t\t<div class=\"elementor-element elementor-element-a5bd822 e-con-full e-flex e-con e-child\" data-id=\"a5bd822\" data-element_type=\"container\">\n\t\t\t\t<div class=\"elementor-element elementor-element-4a0ff505 elementor-widget elementor-widget-heading\" data-id=\"4a0ff505\" data-element_type=\"widget\" data-widget_type=\"heading.default\">\n\t\t\t\t<div class=\"elementor-widget-container\">\n\t\t\t\t\t<h2 class=\"elementor-heading-title elementor-size-default\">Gift bag<\/h2>\t\t\t\t<\/div>\n\t\t\t\t<\/div>\n\t\t\t\t<div class=\"elementor-element elementor-element-f1332ad elementor-view-stacked elementor-shape-circle elementor-widget elementor-widget-icon\" data-id=\"f1332ad\" data-element_type=\"widget\" data-widget_type=\"icon.default\">\n\t\t\t\t<div class=\"elementor-widget-container\">\n\t\t\t\t\t\t\t<div class=\"elementor-icon-wrapper\">\n\t\t\t<div class=\"elementor-icon\">\n\t\t\t<svg aria-hidden=\"true\" class=\"e-font-icon-svg e-fas-plus\" viewbox=\"0 0 448 512\" xmlns=\"http:\/\/www.w3.org\/2000\/svg\"><path d=\"M416 208H272V64c0-17.67-14.33-32-32-32h-32c-17.67 0-32 14.33-32 32v144H32c-17.67 0-32 14.33-32 32v32c0 17.67 14.33 32 32 32h144v144c0 17.67 14.33 32 32 32h32c17.67 0 32-14.33 32-32V304h144c17.67 0 32-14.33 32-32v-32c0-17.67-14.33-32-32-32z\"><\/path><\/svg>\t\t\t<\/div>\n\t\t<\/div>\n\t\t\t\t\t\t<\/div>\n\t\t\t\t<\/div>\n\t\t\t\t<\/div>\n\t\t<div class=\"elementor-element elementor-element-25cb807c e-con-full e-flex e-con e-child\" data-id=\"25cb807c\" data-element_type=\"container\">\n\t\t\t\t<div class=\"elementor-element elementor-element-536ebcdc elementor-widget elementor-widget-heading\" data-id=\"536ebcdc\" data-element_type=\"widget\" data-widget_type=\"heading.default\">\n\t\t\t\t<div class=\"elementor-widget-container\">\n\t\t\t\t\t<h2 class=\"elementor-heading-title elementor-size-default\"><span class=\"price-incl-tax\"><span class=\"woocommerce-Price-amount amount\">49&nbsp;<span class=\"woocommerce-Price-currencySymbol\">&#075;&#269;<\/span><\/span><span class=\"price-incl-tax-suffix\">&nbsp;incl. VAT<\/span><\/span><\/h2>\t\t\t\t<\/div>\n\t\t\t\t<\/div>\n\t\t\t\t<\/div>\n\t\t\t\t\t<\/div>\n\t\t\t\t<\/a>\n\t\t\t\t<\/div>\n\t\t\t\t<\/div>\n\t\t\n\t\t\t\t\t\t<\/div>\n\t\t\t\t<\/div>\n\t\t\t\t\t<\/div>\n\t\t\t\t<\/div>\n\t\t\t\t<\/div>","protected":false},"excerpt":{"rendered":"<p>Ko\u0161\u00edk Odstranit polo\u017eku Obr\u00e1zek miniatury Produkt Cena Mno\u017estv\u00ed Mezisou\u010det &times; SARACEN 220 mm (8.66&#8243;) 5 975,00&nbsp;&#75;&#269; SARACEN 220 mm (8.66&quot;) mno\u017estv\u00ed 5 975,00&nbsp;&#75;&#269; &times; SARACEN 245 mm (9.65&#8243;) 6 975,00&nbsp;&#75;&#269; SARACEN 245 mm (9.65&quot;) mno\u017estv\u00ed 6 975,00&nbsp;&#75;&#269; &times; D\u00e1rkov\u00e1 ta\u0161ka 49,00&nbsp;&#75;&#269; D\u00e1rkov\u00e1 ta\u0161ka mno\u017estv\u00ed 49,00&nbsp;&#75;&#269; Uplatnit slevov\u00fd k\u00f3d Souhrn ko\u0161\u00edku Mezisou\u010det 12 999,00&nbsp;&#75;&#269; Doprava PPL [&hellip;]<\/p>","protected":false},"author":1,"featured_media":0,"parent":0,"menu_order":0,"comment_status":"closed","ping_status":"closed","template":"","meta":{"_acf_changed":false,"footnotes":""},"class_list":["post-98","page","type-page","status-publish","hentry"],"acf":[],"_links":{"self":[{"href":"https:\/\/www.mysaracen.com\/en\/wp-json\/wp\/v2\/pages\/98","targetHints":{"allow":["GET"]}}],"collection":[{"href":"https:\/\/www.mysaracen.com\/en\/wp-json\/wp\/v2\/pages"}],"about":[{"href":"https:\/\/www.mysaracen.com\/en\/wp-json\/wp\/v2\/types\/page"}],"author":[{"embeddable":true,"href":"https:\/\/www.mysaracen.com\/en\/wp-json\/wp\/v2\/users\/1"}],"replies":[{"embeddable":true,"href":"https:\/\/www.mysaracen.com\/en\/wp-json\/wp\/v2\/comments?post=98"}],"version-history":[{"count":0,"href":"https:\/\/www.mysaracen.com\/en\/wp-json\/wp\/v2\/pages\/98\/revisions"}],"wp:attachment":[{"href":"https:\/\/www.mysaracen.com\/en\/wp-json\/wp\/v2\/media?parent=98"}],"curies":[{"name":"wp","href":"https:\/\/api.w.org\/{rel}","templated":true}]}}