{"id":300,"date":"2024-12-09T12:47:24","date_gmt":"2024-12-09T12:47:24","guid":{"rendered":"https:\/\/www.mysaracen.com\/?page_id=300"},"modified":"2025-11-29T14:17:40","modified_gmt":"2025-11-29T14:17:40","slug":"doprava-a-platba","status":"publish","type":"page","link":"https:\/\/www.mysaracen.com\/en\/doprava-a-platba\/","title":{"rendered":"Shipping and Payment"},"content":{"rendered":"<div data-elementor-type=\"wp-page\" data-elementor-id=\"300\" class=\"elementor elementor-300\" data-elementor-post-type=\"page\">\n\t\t\t\t<div class=\"elementor-element elementor-element-d1d75c7 e-flex e-con-boxed e-con e-parent\" data-id=\"d1d75c7\" data-element_type=\"container\">\n\t\t\t\t\t<div class=\"e-con-inner\">\n\t\t<div class=\"elementor-element elementor-element-5553d3d e-con-full e-flex e-con e-child\" data-id=\"5553d3d\" data-element_type=\"container\">\n\t\t\t\t<div class=\"elementor-element elementor-element-274d434 elementor-widget elementor-widget-heading\" data-id=\"274d434\" data-element_type=\"widget\" data-widget_type=\"heading.default\">\n\t\t\t\t<div class=\"elementor-widget-container\">\n\t\t\t\t\t<h3 class=\"elementor-heading-title elementor-size-default\">Shipping and Payment<\/h3>\t\t\t\t<\/div>\n\t\t\t\t<\/div>\n\t\t\t\t<\/div>\n\t\t\t\t\t<\/div>\n\t\t\t\t<\/div>\n\t\t<div class=\"elementor-element elementor-element-28bbabc e-flex e-con-boxed e-con e-parent\" data-id=\"28bbabc\" data-element_type=\"container\" data-settings=\"{&quot;background_background&quot;:&quot;classic&quot;}\">\n\t\t\t\t\t<div class=\"e-con-inner\">\n\t\t\t\t<div class=\"elementor-element elementor-element-b72baee elementor-widget elementor-widget-heading\" data-id=\"b72baee\" data-element_type=\"widget\" data-widget_type=\"heading.default\">\n\t\t\t\t<div class=\"elementor-widget-container\">\n\t\t\t\t\t<h2 class=\"elementor-heading-title elementor-size-default\">Shipping options<\/h2>\t\t\t\t<\/div>\n\t\t\t\t<\/div>\n\t\t\t\t<div class=\"elementor-element elementor-element-37c83af elementor-widget elementor-widget-text-editor\" data-id=\"37c83af\" data-element_type=\"widget\" data-widget_type=\"text-editor.default\">\n\t\t\t\t<div class=\"elementor-widget-container\">\n\t\t\t\t\t\t\t\t\t<p class=\"p1\">We deliver your orders quickly and reliably through our partners:<\/p><ul><li><p class=\"p1\"><span class=\"s1\"><b>Z\u00e1silkovna<\/b><\/span> \u2013 doru\u010den\u00ed dom\u016f anebo vyzvednut\u00ed na v\u00e1mi zvolen\u00e9m v\u00fddejn\u00edm m\u00edst\u011b.<\/p><\/li><li><p class=\"p1\"><span class=\"s1\"><b>PPL<\/b><\/span> \u2013 delivery directly to your home or workplace.<\/p><\/li><\/ul><p>\u00a0<\/p>\t\t\t\t\t\t\t\t<\/div>\n\t\t\t\t<\/div>\n\t\t\t\t<div class=\"elementor-element elementor-element-d9f64f1 elementor-widget elementor-widget-heading\" data-id=\"d9f64f1\" data-element_type=\"widget\" data-widget_type=\"heading.default\">\n\t\t\t\t<div class=\"elementor-widget-container\">\n\t\t\t\t\t<h2 class=\"elementor-heading-title elementor-size-default\">Payment options<\/h2>\t\t\t\t<\/div>\n\t\t\t\t<\/div>\n\t\t\t\t<div class=\"elementor-element elementor-element-da6ec05 elementor-widget elementor-widget-text-editor\" data-id=\"da6ec05\" data-element_type=\"widget\" data-widget_type=\"text-editor.default\">\n\t\t\t\t<div class=\"elementor-widget-container\">\n\t\t\t\t\t\t\t\t\t<p class=\"p1\">ou can pay for your order in the way that suits you best:<\/p><ul><li><p class=\"p1\"><span class=\"s1\"><b>By credit or debit card online<\/b><\/span> \u2013 safely and conveniently.<\/p><\/li><li><p class=\"p1\"><strong>Apple Pay nebo Google Pay<\/strong><\/p><\/li><li><p class=\"p1\"><span class=\"s1\"><b>QR code<\/b><\/span> \u2013 fast payment via your mobile banking.<\/p><\/li><li><p class=\"p1\"><span class=\"s1\"><b>By bank transfer<\/b><\/span> \u2013 the traditional way, to our bank account.<\/p><\/li><\/ul>\t\t\t\t\t\t\t\t<\/div>\n\t\t\t\t<\/div>\n\t\t\t\t\t<\/div>\n\t\t\t\t<\/div>\n\t\t\t\t<\/div>","protected":false},"excerpt":{"rendered":"<p>Doprava a platba Mo\u017enosti dopravy Objedn\u00e1vky v\u00e1m doru\u010d\u00edme rychle a spolehliv\u011b prost\u0159ednictv\u00edm na\u0161ich partner\u016f: Z\u00e1silkovna \u2013 doru\u010den\u00ed dom\u016f anebo vyzvednut\u00ed na v\u00e1mi zvolen\u00e9m v\u00fddejn\u00edm m\u00edst\u011b. PPL \u2013 doru\u010den\u00ed a\u017e k v\u00e1m dom\u016f \u010di do pr\u00e1ce. \u00a0 Mo\u017enosti platby Za svou objedn\u00e1vku m\u016f\u017eete zaplatit tak, jak v\u00e1m to vyhovuje: Platebn\u00ed kartou online \u2013 bezpe\u010dn\u011b a pohodln\u011b. [&hellip;]<\/p>","protected":false},"author":1,"featured_media":0,"parent":0,"menu_order":0,"comment_status":"closed","ping_status":"closed","template":"","meta":{"_acf_changed":false,"footnotes":""},"class_list":["post-300","page","type-page","status-publish","hentry"],"acf":[],"_links":{"self":[{"href":"https:\/\/www.mysaracen.com\/en\/wp-json\/wp\/v2\/pages\/300","targetHints":{"allow":["GET"]}}],"collection":[{"href":"https:\/\/www.mysaracen.com\/en\/wp-json\/wp\/v2\/pages"}],"about":[{"href":"https:\/\/www.mysaracen.com\/en\/wp-json\/wp\/v2\/types\/page"}],"author":[{"embeddable":true,"href":"https:\/\/www.mysaracen.com\/en\/wp-json\/wp\/v2\/users\/1"}],"replies":[{"embeddable":true,"href":"https:\/\/www.mysaracen.com\/en\/wp-json\/wp\/v2\/comments?post=300"}],"version-history":[{"count":0,"href":"https:\/\/www.mysaracen.com\/en\/wp-json\/wp\/v2\/pages\/300\/revisions"}],"wp:attachment":[{"href":"https:\/\/www.mysaracen.com\/en\/wp-json\/wp\/v2\/media?parent=300"}],"curies":[{"name":"wp","href":"https:\/\/api.w.org\/{rel}","templated":true}]}}