{"id":3,"date":"2024-12-04T14:46:38","date_gmt":"2024-12-04T14:46:38","guid":{"rendered":"https:\/\/www.mysaracen.com\/?page_id=3"},"modified":"2025-07-14T12:06:12","modified_gmt":"2025-07-14T12:06:12","slug":"zasady-ochrany-osobnich-udaju","status":"publish","type":"page","link":"https:\/\/www.mysaracen.com\/en\/zasady-ochrany-osobnich-udaju\/","title":{"rendered":"Privacy Policy"},"content":{"rendered":"<div data-elementor-type=\"wp-page\" data-elementor-id=\"3\" class=\"elementor elementor-3\" data-elementor-post-type=\"page\">\n\t\t\t\t<div class=\"elementor-element elementor-element-688fcf4 e-flex e-con-boxed e-con e-parent\" data-id=\"688fcf4\" data-element_type=\"container\">\n\t\t\t\t\t<div class=\"e-con-inner\">\n\t\t<div class=\"elementor-element elementor-element-d19c82b e-con-full e-flex e-con e-child\" data-id=\"d19c82b\" data-element_type=\"container\">\n\t\t\t\t<div class=\"elementor-element elementor-element-b286ea1 elementor-widget elementor-widget-heading\" data-id=\"b286ea1\" data-element_type=\"widget\" data-widget_type=\"heading.default\">\n\t\t\t\t<div class=\"elementor-widget-container\">\n\t\t\t\t\t<h3 class=\"elementor-heading-title elementor-size-default\">Privacy Policy<\/h3>\t\t\t\t<\/div>\n\t\t\t\t<\/div>\n\t\t\t\t<\/div>\n\t\t\t\t\t<\/div>\n\t\t\t\t<\/div>\n\t\t<div class=\"elementor-element elementor-element-408fae8 e-flex e-con-boxed e-con e-parent\" data-id=\"408fae8\" data-element_type=\"container\" data-settings=\"{&quot;background_background&quot;:&quot;classic&quot;}\">\n\t\t\t\t\t<div class=\"e-con-inner\">\n\t\t\t\t<div class=\"elementor-element elementor-element-e3d5228 elementor-widget elementor-widget-text-editor\" data-id=\"e3d5228\" data-element_type=\"widget\" data-widget_type=\"text-editor.default\">\n\t\t\t\t<div class=\"elementor-widget-container\">\n\t\t\t\t\t\t\t\t\t<p>Company <strong>IQ Tools s.r.o.<\/strong>with its registered office at B\u00edl\u00e1 98, 739 15 B\u00edl\u00e1, Company ID: 2304029, VAT ID: CZ2304029 (hereinafter referred to as the \u201cAdministrator\u201d), as the operator of the website <a href=\"https:\/\/www.mysaracen.com\/en\/\" target=\"_blank\" rel=\"noopener\">www.mysaracen.com<\/a>undertakes to protect your personal data in accordance with applicable legislation, in particular Regulation (EU) 2016\/679 of the European Parliament and of the Council (GDPR).<\/p>\n<h3>What data do we process?<\/h3>\n<p>We process the following categories of personal data:<\/p>\n<ul>\n<li><strong>Identification data:<\/strong> first name, last name.<\/li>\n<li><strong>Contact details:<\/strong> e-mail, phone number, address.<\/li>\n<li><strong>Order details:<\/strong> order history, goods, payment details.<\/li>\n<li><strong>Technical data:<\/strong> IP address, cookies.<\/li>\n<\/ul><div><br><\/div>\n<h3>2. For what purpose do we process your data?<\/h3>\n<p>We process your personal data for the following purposes:<\/p>\n<ul>\n<li><strong>Order processing and fulfillment of contractual obligations<\/strong><\/li>\n<li><strong>Customer communication:<\/strong> responding to inquiries, handling complaints.<\/li>\n<li><strong>Marketing communication:<\/strong> sending newsletters (only with your consent).<\/li>\n<li><strong>Website traffic analysis and service improvement:<\/strong> using cookies.<\/li>\n<\/ul><div><br><\/div>\n<h3>3. How long do we retain your data?<\/h3>\n<p>We retain your data only for as long as necessary:<\/p>\n<ul>\n<li><strong>For order processing purposes:<\/strong> for the duration of the contractual relationship.<\/li>\n<li><strong>For tax and accounting purposes:<\/strong> 10 years from the date of issue of the relevant document.<\/li>\n<li><strong>For marketing purposes:<\/strong> until your consent is withdrawn.<\/li>\n<\/ul><div><br><\/div>\n<h3>Who may your data be shared with?<\/h3>\n<p>Your personal data may be shared with third parties only for the purpose of fulfilling our obligations:<\/p>\n<ul>\n<li><strong>To carriers:<\/strong> for the delivery of orders.<\/li>\n<li><strong>To IT service providers:<\/strong> for the operation of the online store and system maintenance.<\/li>\n<li><strong>To accountants and tax advisors:<\/strong> to comply with legal obligations.<\/li>\n<\/ul><div><br><\/div>\n<h3>5. Your Rights<\/h3>\n<p>You have the right to:<\/p>\n<ul>\n<li>Request access to your personal data.<\/li>\n<li>Request the correction or deletion of your data.<\/li>\n<li>Restrict the processing of personal data.<\/li>\n<li>Object to the processing of personal data.<\/li>\n<li>Lodge a complaint with the supervisory authority (<a href=\"https:\/\/www.uoou.cz\" target=\"_blank\" rel=\"noopener\">the Office for Personal Data Protection<\/a>).<\/li>\n<\/ul><div><br><\/div>\n<h3>6. Contact<\/h3>\n<p>To exercise your rights or for any questions regarding personal data protection, you can contact us:<\/p>\n<ul>\n<li><strong>E-mail:<\/strong> <a href=\"mailto:info@mysaracen.com\">info@mysaracen.com<\/a><\/li>\n<li><strong>Phone number:<\/strong> +420 605 258 288<\/li>\n<li><strong>Address:<\/strong> B\u00edl\u00e1 98, 739 15 B\u00edl\u00e1, Czech republic<\/li>\n<\/ul>\n<p>These principles are valid from <strong>December 11, 2024<\/strong>.<\/p>\t\t\t\t\t\t\t\t<\/div>\n\t\t\t\t<\/div>\n\t\t\t\t\t<\/div>\n\t\t\t\t<\/div>\n\t\t\t\t<\/div>","protected":false},"excerpt":{"rendered":"<p>Spole\u010dnost IQ Tools s.r.o., se s\u00eddlem B\u00edl\u00e1 98, 739 15 B\u00edl\u00e1, I\u010c: 2304029, DI\u010c: CZ2304029 (d\u00e1le jen \u201espr\u00e1vce\u201c), jako provozovatel webov\u00fdch str\u00e1nek www.mysaracen.com, se zavazuje chr\u00e1nit va\u0161e osobn\u00ed \u00fadaje v souladu s platn\u00fdmi pr\u00e1vn\u00edmi p\u0159edpisy, zejm\u00e9na s Na\u0159\u00edzen\u00edm Evropsk\u00e9ho parlamentu a Rady (EU) 2016\/679 (GDPR). 1. Jak\u00e9 \u00fadaje zpracov\u00e1v\u00e1me? Zpracov\u00e1v\u00e1me n\u00e1sleduj\u00edc\u00ed kategorie osobn\u00edch \u00fadaj\u016f: Identifika\u010dn\u00ed [&hellip;]<\/p>","protected":false},"author":1,"featured_media":0,"parent":0,"menu_order":0,"comment_status":"closed","ping_status":"closed","template":"elementor_header_footer","meta":{"_acf_changed":false,"footnotes":""},"class_list":["post-3","page","type-page","status-publish","hentry"],"acf":[],"_links":{"self":[{"href":"https:\/\/www.mysaracen.com\/en\/wp-json\/wp\/v2\/pages\/3","targetHints":{"allow":["GET"]}}],"collection":[{"href":"https:\/\/www.mysaracen.com\/en\/wp-json\/wp\/v2\/pages"}],"about":[{"href":"https:\/\/www.mysaracen.com\/en\/wp-json\/wp\/v2\/types\/page"}],"author":[{"embeddable":true,"href":"https:\/\/www.mysaracen.com\/en\/wp-json\/wp\/v2\/users\/1"}],"replies":[{"embeddable":true,"href":"https:\/\/www.mysaracen.com\/en\/wp-json\/wp\/v2\/comments?post=3"}],"version-history":[{"count":0,"href":"https:\/\/www.mysaracen.com\/en\/wp-json\/wp\/v2\/pages\/3\/revisions"}],"wp:attachment":[{"href":"https:\/\/www.mysaracen.com\/en\/wp-json\/wp\/v2\/media?parent=3"}],"curies":[{"name":"wp","href":"https:\/\/api.w.org\/{rel}","templated":true}]}}