{"id":2245,"date":"2025-12-09T12:15:21","date_gmt":"2025-12-09T12:15:21","guid":{"rendered":"https:\/\/www.mysaracen.com\/?page_id=2245"},"modified":"2025-12-16T12:34:34","modified_gmt":"2025-12-16T12:34:34","slug":"videogalerie","status":"publish","type":"page","link":"https:\/\/www.mysaracen.com\/en\/videogalerie\/","title":{"rendered":"Video Gallery"},"content":{"rendered":"<div data-elementor-type=\"wp-page\" data-elementor-id=\"2245\" class=\"elementor elementor-2245\" data-elementor-post-type=\"page\">\n\t\t\t\t<div class=\"elementor-element elementor-element-4ae34d2 e-flex e-con-boxed e-con e-parent\" data-id=\"4ae34d2\" data-element_type=\"container\">\n\t\t\t\t\t<div class=\"e-con-inner\">\n\t\t<div class=\"elementor-element elementor-element-f435957 e-con-full e-flex e-con e-child\" data-id=\"f435957\" data-element_type=\"container\">\n\t\t\t\t<div class=\"elementor-element elementor-element-e253712 elementor-widget__width-inherit elementor-widget elementor-widget-heading\" data-id=\"e253712\" data-element_type=\"widget\" data-widget_type=\"heading.default\">\n\t\t\t\t<div class=\"elementor-widget-container\">\n\t\t\t\t\t<h3 class=\"elementor-heading-title elementor-size-default\">Video Gallery<\/h3>\t\t\t\t<\/div>\n\t\t\t\t<\/div>\n\t\t\t\t<\/div>\n\t\t\t\t\t<\/div>\n\t\t\t\t<\/div>\n\t\t<div class=\"elementor-element elementor-element-db6e138 e-flex e-con-boxed e-con e-parent\" data-id=\"db6e138\" data-element_type=\"container\">\n\t\t\t\t\t<div class=\"e-con-inner\">\n\t\t<div class=\"elementor-element elementor-element-fc6e53d e-con-full e-flex e-con e-child\" data-id=\"fc6e53d\" data-element_type=\"container\">\n\t\t\t\t<div class=\"elementor-element elementor-element-370f730 elementor-widget elementor-widget-heading\" data-id=\"370f730\" data-element_type=\"widget\" data-widget_type=\"heading.default\">\n\t\t\t\t<div class=\"elementor-widget-container\">\n\t\t\t\t\t<h3 class=\"elementor-heading-title elementor-size-default\">Saracen knives took the spotlight in the Czech Television show Polopat\u011b<\/h3>\t\t\t\t<\/div>\n\t\t\t\t<\/div>\n\t\t\t\t<div class=\"elementor-element elementor-element-5029ee1 elementor-widget elementor-widget-text-editor\" data-id=\"5029ee1\" data-element_type=\"widget\" data-widget_type=\"text-editor.default\">\n\t\t\t\t<div class=\"elementor-widget-container\">\n\t\t\t\t\t\t\t\t\t<p class=\"p1\">Our Saracen knives were featured <span style=\"color: #ffffff;\"><strong>in the Czech Television show Polopat\u011b<\/strong><\/span>, where they were actively used during cooking. This appearance is a valuable confirmation of the <strong><span style=\"color: #ffffff;\">high quality and reliability of our products<\/span><\/strong>, which perform flawlessly both in everyday kitchens and in front of television cameras.<\/p>\t\t\t\t\t\t\t\t<\/div>\n\t\t\t\t<\/div>\n\t\t\t\t<\/div>\n\t\t<div class=\"elementor-element elementor-element-53687b6 e-con-full e-flex e-con e-child\" data-id=\"53687b6\" data-element_type=\"container\">\n\t\t\t\t<div class=\"elementor-element elementor-element-be350ce elementor-widget elementor-widget-video\" data-id=\"be350ce\" data-element_type=\"widget\" data-settings=\"{&quot;youtube_url&quot;:&quot;https:\\\/\\\/www.youtube.com\\\/watch?v=q6eHTXuHcHU&quot;,&quot;video_type&quot;:&quot;youtube&quot;,&quot;controls&quot;:&quot;yes&quot;}\" data-widget_type=\"video.default\">\n\t\t\t\t<div class=\"elementor-widget-container\">\n\t\t\t\t\t\t\t<div class=\"elementor-wrapper elementor-open-inline\">\n\t\t\t<div class=\"elementor-video\"><\/div>\t\t<\/div>\n\t\t\t\t\t\t<\/div>\n\t\t\t\t<\/div>\n\t\t\t\t<\/div>\n\t\t\t\t\t<\/div>\n\t\t\t\t<\/div>\n\t\t<div class=\"elementor-element elementor-element-960206b e-flex e-con-boxed e-con e-parent\" data-id=\"960206b\" data-element_type=\"container\">\n\t\t\t\t\t<div class=\"e-con-inner\">\n\t\t<div class=\"elementor-element elementor-element-4cb98e6 e-con-full e-flex e-con e-child\" data-id=\"4cb98e6\" data-element_type=\"container\">\n\t\t\t\t<div class=\"elementor-element elementor-element-683c795 elementor-widget elementor-widget-heading\" data-id=\"683c795\" data-element_type=\"widget\" data-widget_type=\"heading.default\">\n\t\t\t\t<div class=\"elementor-widget-container\">\n\t\t\t\t\t<h3 class=\"elementor-heading-title elementor-size-default\">Jak nabrousit n\u016f\u017e Saracen ?<\/h3>\t\t\t\t<\/div>\n\t\t\t\t<\/div>\n\t\t\t\t<div class=\"elementor-element elementor-element-5e50674 elementor-widget elementor-widget-text-editor\" data-id=\"5e50674\" data-element_type=\"widget\" data-widget_type=\"text-editor.default\">\n\t\t\t\t<div class=\"elementor-widget-container\">\n\t\t\t\t\t\t\t\t\t<p class=\"p1\">Spr\u00e1vn\u011b nabrou\u0161en\u00fd n\u016f\u017e je z\u00e1klad. P\u0159ipravili jsme kr\u00e1tk\u00e9 video, ve kter\u00e9m p\u0159esn\u011b uvid\u00ed\u0161, jak n\u016f\u017e Saracen brous\u00edme my \u2013 krok za krokem, bez zbyte\u010dn\u00fdch m\u00fdt\u016f a slo\u017eitost\u00ed. Pod\u00edvej se na postup, kter\u00fd funguje v praxi a pom\u016f\u017ee ti udr\u017eet ost\u0159\u00ed dlouhodob\u011b ostr\u00e9 a bezpe\u010dn\u00e9.<\/p>\t\t\t\t\t\t\t\t<\/div>\n\t\t\t\t<\/div>\n\t\t\t\t<\/div>\n\t\t<div class=\"elementor-element elementor-element-5558073 e-con-full e-flex e-con e-child\" data-id=\"5558073\" data-element_type=\"container\">\n\t\t\t\t<div class=\"elementor-element elementor-element-5da0b34 elementor-widget elementor-widget-video\" data-id=\"5da0b34\" data-element_type=\"widget\" data-settings=\"{&quot;youtube_url&quot;:&quot;https:\\\/\\\/www.youtube.com\\\/watch?v=T4FxRL7intc&quot;,&quot;video_type&quot;:&quot;youtube&quot;,&quot;controls&quot;:&quot;yes&quot;}\" data-widget_type=\"video.default\">\n\t\t\t\t<div class=\"elementor-widget-container\">\n\t\t\t\t\t\t\t<div class=\"elementor-wrapper elementor-open-inline\">\n\t\t\t<div class=\"elementor-video\"><\/div>\t\t<\/div>\n\t\t\t\t\t\t<\/div>\n\t\t\t\t<\/div>\n\t\t\t\t<\/div>\n\t\t\t\t\t<\/div>\n\t\t\t\t<\/div>\n\t\t<div class=\"elementor-element elementor-element-c29fb66 e-flex e-con-boxed e-con e-parent\" data-id=\"c29fb66\" data-element_type=\"container\">\n\t\t\t\t\t<div class=\"e-con-inner\">\n\t\t<div class=\"elementor-element elementor-element-43b75a7 e-con-full e-flex e-con e-child\" data-id=\"43b75a7\" data-element_type=\"container\">\n\t\t\t\t<div class=\"elementor-element elementor-element-497df49 elementor-widget elementor-widget-video\" data-id=\"497df49\" data-element_type=\"widget\" data-settings=\"{&quot;youtube_url&quot;:&quot;https:\\\/\\\/www.youtube.com\\\/shorts\\\/fotE6Gv15RM&quot;,&quot;video_type&quot;:&quot;youtube&quot;,&quot;controls&quot;:&quot;yes&quot;}\" data-widget_type=\"video.default\">\n\t\t\t\t<div class=\"elementor-widget-container\">\n\t\t\t\t\t\t\t<div class=\"elementor-wrapper elementor-open-inline\">\n\t\t\t<div class=\"elementor-video\"><\/div>\t\t<\/div>\n\t\t\t\t\t\t<\/div>\n\t\t\t\t<\/div>\n\t\t\t\t<\/div>\n\t\t<div class=\"elementor-element elementor-element-3733483 e-con-full e-flex e-con e-child\" data-id=\"3733483\" data-element_type=\"container\">\n\t\t\t\t<div class=\"elementor-element elementor-element-ec36d36 elementor-widget elementor-widget-video\" data-id=\"ec36d36\" data-element_type=\"widget\" data-settings=\"{&quot;youtube_url&quot;:&quot;https:\\\/\\\/www.youtube.com\\\/shorts\\\/tJhW-aAA8V0&quot;,&quot;video_type&quot;:&quot;youtube&quot;,&quot;controls&quot;:&quot;yes&quot;}\" data-widget_type=\"video.default\">\n\t\t\t\t<div class=\"elementor-widget-container\">\n\t\t\t\t\t\t\t<div class=\"elementor-wrapper elementor-open-inline\">\n\t\t\t<div class=\"elementor-video\"><\/div>\t\t<\/div>\n\t\t\t\t\t\t<\/div>\n\t\t\t\t<\/div>\n\t\t\t\t<\/div>\n\t\t<div class=\"elementor-element elementor-element-de9d315 e-con-full e-flex e-con e-child\" data-id=\"de9d315\" data-element_type=\"container\">\n\t\t\t\t<div class=\"elementor-element elementor-element-7239f44 elementor-widget elementor-widget-video\" data-id=\"7239f44\" data-element_type=\"widget\" data-settings=\"{&quot;youtube_url&quot;:&quot;https:\\\/\\\/www.youtube.com\\\/shorts\\\/td4L_HlTnek&quot;,&quot;video_type&quot;:&quot;youtube&quot;,&quot;controls&quot;:&quot;yes&quot;}\" data-widget_type=\"video.default\">\n\t\t\t\t<div class=\"elementor-widget-container\">\n\t\t\t\t\t\t\t<div class=\"elementor-wrapper elementor-open-inline\">\n\t\t\t<div class=\"elementor-video\"><\/div>\t\t<\/div>\n\t\t\t\t\t\t<\/div>\n\t\t\t\t<\/div>\n\t\t\t\t<\/div>\n\t\t<div class=\"elementor-element elementor-element-044c927 e-con-full e-flex e-con e-child\" data-id=\"044c927\" data-element_type=\"container\">\n\t\t\t\t<div class=\"elementor-element elementor-element-263fbdf elementor-widget elementor-widget-video\" data-id=\"263fbdf\" data-element_type=\"widget\" data-settings=\"{&quot;youtube_url&quot;:&quot;https:\\\/\\\/www.youtube.com\\\/shorts\\\/QgI7HhR3ifo&quot;,&quot;video_type&quot;:&quot;youtube&quot;,&quot;controls&quot;:&quot;yes&quot;}\" data-widget_type=\"video.default\">\n\t\t\t\t<div class=\"elementor-widget-container\">\n\t\t\t\t\t\t\t<div class=\"elementor-wrapper elementor-open-inline\">\n\t\t\t<div class=\"elementor-video\"><\/div>\t\t<\/div>\n\t\t\t\t\t\t<\/div>\n\t\t\t\t<\/div>\n\t\t\t\t<\/div>\n\t\t\t\t\t<\/div>\n\t\t\t\t<\/div>\n\t\t\t\t<\/div>","protected":false},"excerpt":{"rendered":"<p>Videogalerie Na\u0161e no\u017ee Saracen zaz\u00e1\u0159ily v po\u0159adu Polopat\u011b v \u010cesk\u00e9 televizi Na\u0161e no\u017ee Saracen byly p\u0159edstaveny v po\u0159adu Polopat\u011b v \u010cesk\u00e9 televizi, kde byly aktivn\u011b pou\u017e\u00edv\u00e1ny p\u0159i va\u0159en\u00ed. Tato \u00fa\u010dast je pro n\u00e1s potvrzen\u00edm vysok\u00e9 kvality a spolehlivosti na\u0161ich produkt\u016f, kter\u00e9 obstoj\u00ed jak v b\u011b\u017en\u00e9 kuchyni, tak i p\u0159ed televizn\u00edmi kamerami. https:\/\/www.youtube.com\/watch?v=q6eHTXuHcHU Jak nabrousit n\u016f\u017e [&hellip;]<\/p>","protected":false},"author":1,"featured_media":0,"parent":0,"menu_order":0,"comment_status":"closed","ping_status":"closed","template":"elementor_header_footer","meta":{"_acf_changed":false,"footnotes":""},"class_list":["post-2245","page","type-page","status-publish","hentry"],"acf":[],"_links":{"self":[{"href":"https:\/\/www.mysaracen.com\/en\/wp-json\/wp\/v2\/pages\/2245","targetHints":{"allow":["GET"]}}],"collection":[{"href":"https:\/\/www.mysaracen.com\/en\/wp-json\/wp\/v2\/pages"}],"about":[{"href":"https:\/\/www.mysaracen.com\/en\/wp-json\/wp\/v2\/types\/page"}],"author":[{"embeddable":true,"href":"https:\/\/www.mysaracen.com\/en\/wp-json\/wp\/v2\/users\/1"}],"replies":[{"embeddable":true,"href":"https:\/\/www.mysaracen.com\/en\/wp-json\/wp\/v2\/comments?post=2245"}],"version-history":[{"count":16,"href":"https:\/\/www.mysaracen.com\/en\/wp-json\/wp\/v2\/pages\/2245\/revisions"}],"predecessor-version":[{"id":2323,"href":"https:\/\/www.mysaracen.com\/en\/wp-json\/wp\/v2\/pages\/2245\/revisions\/2323"}],"wp:attachment":[{"href":"https:\/\/www.mysaracen.com\/en\/wp-json\/wp\/v2\/media?parent=2245"}],"curies":[{"name":"wp","href":"https:\/\/api.w.org\/{rel}","templated":true}]}}