{"id":1256,"date":"2025-09-09T13:45:13","date_gmt":"2025-09-09T13:45:13","guid":{"rendered":"https:\/\/www.mysaracen.com\/?page_id=1256"},"modified":"2025-12-11T15:25:12","modified_gmt":"2025-12-11T15:25:12","slug":"o-nozi","status":"publish","type":"page","link":"https:\/\/www.mysaracen.com\/en\/o-nozi\/","title":{"rendered":"About the knife"},"content":{"rendered":"<div data-elementor-type=\"wp-page\" data-elementor-id=\"1256\" class=\"elementor elementor-1256\" data-elementor-post-type=\"page\">\n\t\t\t\t<div class=\"elementor-element elementor-element-85c4175 e-flex e-con-boxed e-con e-parent\" data-id=\"85c4175\" data-element_type=\"container\">\n\t\t\t\t\t<div class=\"e-con-inner\">\n\t\t<div class=\"elementor-element elementor-element-628cccc e-con-full e-flex e-con e-child\" data-id=\"628cccc\" data-element_type=\"container\">\n\t\t\t\t<div class=\"elementor-element elementor-element-2ea8c58 elementor-widget__width-inherit elementor-widget elementor-widget-heading\" data-id=\"2ea8c58\" data-element_type=\"widget\" data-widget_type=\"heading.default\">\n\t\t\t\t<div class=\"elementor-widget-container\">\n\t\t\t\t\t<h3 class=\"elementor-heading-title elementor-size-default\">About the knife<\/h3>\t\t\t\t<\/div>\n\t\t\t\t<\/div>\n\t\t\t\t<\/div>\n\t\t\t\t\t<\/div>\n\t\t\t\t<\/div>\n\t\t<div class=\"elementor-element elementor-element-5e24bd2 e-flex e-con-boxed e-con e-parent\" data-id=\"5e24bd2\" data-element_type=\"container\">\n\t\t\t\t\t<div class=\"e-con-inner\">\n\t\t\t\t<div class=\"elementor-element elementor-element-46b5db6 elementor-hidden-mobile elementor-widget elementor-widget-qi_addons_for_elementor_timeline\" data-id=\"46b5db6\" data-element_type=\"widget\" data-widget_type=\"qi_addons_for_elementor_timeline.default\">\n\t\t\t\t<div class=\"elementor-widget-container\">\n\t\t\t\t\t<div class=\"qodef-shortcode qodef-m qodef-qi-timeline qodef-timeline--vertical qodef-timeline-layout--vertical-separated qodef-line--outside qodef-point--standard qodef-qi--has-appear qodef-reverse-padding\">\n\t<div class=\"qodef-e qodef-e-item elementor-repeater-item-efdf8bd qodef-obverse\">\n\t<div class=\"qodef-e-line-holder\">\n\t\t<span class=\"qodef-e-line\"><\/span>\n\t<\/div>\n\t<div class=\"qodef-e-item-inner\">\n\t\t<div class=\"qodef-e-point-holder\">\n\t\t\t<div class=\"qodef-e-point\">\n\t\t\t\t\t\t\t<\/div>\n\t\t<\/div>\n\t\t<div class=\"qodef-e-side-holder\">\n\t\t\t<div class=\"qodef-e-image\">\n\t<\/div>\n\t\t<\/div>\n\t\t<div class=\"qodef-e-content-holder\">\n\t\t\t\t\t\t\t<h4 class=\"qodef-e-title\">\n\t\tHow It All Began\t\t<\/h4>\n\t\t\t\t\t<p class=\"qodef-e-text\">\n\t\tThe history of Saracen knives began several years ago. Dr. Otepka, a physician by profession, once received a beautiful knife as a gift. That moment sparked his fascination with knives, and over time, he became an avid collector. His passion led him to a deep study of everything related to the craft \u2014 from the history of knife-making across different eras and cultures to the latest modern technologies.\t<\/p>\n\t\t\t<\/div>\n\t<\/div>\n<\/div>\n<div class=\"qodef-e qodef-e-item elementor-repeater-item-7ad3776 qodef-reverse\">\n\t<div class=\"qodef-e-line-holder\">\n\t\t<span class=\"qodef-e-line\"><\/span>\n\t<\/div>\n\t<div class=\"qodef-e-item-inner\">\n\t\t<div class=\"qodef-e-point-holder\">\n\t\t\t<div class=\"qodef-e-point\">\n\t\t\t\t\t\t\t<\/div>\n\t\t<\/div>\n\t\t<div class=\"qodef-e-side-holder\">\n\t\t\t<div class=\"qodef-e-image\">\n\t<\/div>\n\t\t<\/div>\n\t\t<div class=\"qodef-e-content-holder\">\n\t\t\t\t\t\t\t<h4 class=\"qodef-e-title\">\n\t\tThe Birth of an Idea\t\t<\/h4>\n\t\t\t\t\t<p class=\"qodef-e-text\">\n\t\tAll that remained was to connect knowledge, talent, and innovative thinking \u2014 and one day, a groundbreaking idea was born: an entirely new knife prototype unlike any other in the world. What followed was a period of consultation with master bladesmiths, metallurgy experts, and professional chefs. Then came the fine-tuning of details, the search for the right materials, and finally, the partnership with a top-tier, experienced manufacturer.\t<\/p>\n\t\t\t<\/div>\n\t<\/div>\n<\/div>\n<div class=\"qodef-e qodef-e-item elementor-repeater-item-f208775 qodef-obverse\">\n\t<div class=\"qodef-e-line-holder\">\n\t\t<span class=\"qodef-e-line\"><\/span>\n\t<\/div>\n\t<div class=\"qodef-e-item-inner\">\n\t\t<div class=\"qodef-e-point-holder\">\n\t\t\t<div class=\"qodef-e-point\">\n\t\t\t\t\t\t\t<\/div>\n\t\t<\/div>\n\t\t<div class=\"qodef-e-side-holder\">\n\t\t\t<div class=\"qodef-e-image\">\n\t<\/div>\n\t\t<\/div>\n\t\t<div class=\"qodef-e-content-holder\">\n\t\t\t\t\t\t\t<h4 class=\"qodef-e-title\">\n\t\tThe First Cut\t\t<\/h4>\n\t\t\t\t\t<p class=\"qodef-e-text\">\n\t\tThe process of registering the unique design continued at patent offices across nearly the entire world. A private presentation to industry professionals was met with tremendous success and even resulted in offers from major international corporations to purchase the complete know-how.\t<\/p>\n\t\t\t<\/div>\n\t<\/div>\n<\/div>\n<div class=\"qodef-e qodef-e-item elementor-repeater-item-4862130 qodef-reverse\">\n\t<div class=\"qodef-e-line-holder\">\n\t\t<span class=\"qodef-e-line\"><\/span>\n\t<\/div>\n\t<div class=\"qodef-e-item-inner\">\n\t\t<div class=\"qodef-e-point-holder\">\n\t\t\t<div class=\"qodef-e-point\">\n\t\t\t\t\t\t\t<\/div>\n\t\t<\/div>\n\t\t<div class=\"qodef-e-side-holder\">\n\t\t\t<div class=\"qodef-e-image\">\n\t<\/div>\n\t\t<\/div>\n\t\t<div class=\"qodef-e-content-holder\">\n\t\t\t\t\t\t\t<h4 class=\"qodef-e-title\">\n\t\tWho We Are Today\t\t<\/h4>\n\t\t\t\t\t<p class=\"qodef-e-text\">\n\t\tV\u00e1\u017een\u00ed z\u00e1kazn\u00edci, m\u00e1me \u010dest p\u0159edstavit v\u00e1m tuto \u0159adu unik\u00e1tn\u00edch, ru\u010dn\u011b vyr\u00e1b\u011bn\u00fdch no\u017e\u016f, kter\u00e9 bo\u0159\u00ed dosavadn\u00ed p\u0159edstavy a posouvaj\u00ed no\u017e\u00ed\u0159sk\u00e9 um\u011bn\u00ed na novou \u00farove\u0148.\nSaracen. The story of the knife.\t<\/p>\n\t\t\t<\/div>\n\t<\/div>\n<\/div>\n<\/div>\n\t\t\t\t<\/div>\n\t\t\t\t<\/div>\n\t\t\t\t<div class=\"elementor-element elementor-element-20c341b elementor-hidden-desktop elementor-hidden-laptop elementor-hidden-tablet elementor-widget elementor-widget-qi_addons_for_elementor_timeline\" data-id=\"20c341b\" data-element_type=\"widget\" data-widget_type=\"qi_addons_for_elementor_timeline.default\">\n\t\t\t\t<div class=\"elementor-widget-container\">\n\t\t\t\t\t<div class=\"qodef-shortcode qodef-m qodef-qi-timeline qodef-timeline--horizontal qodef-layout--columns qodef-timeline-layout--horizontal-standard qodef-point--standard qodef-qi--has-appear\" data-options=\"{&quot;colNum&quot;:&quot;3&quot;,&quot;colNum1440&quot;:&quot;3&quot;,&quot;colNum1366&quot;:&quot;3&quot;,&quot;colNum1024&quot;:&quot;3&quot;,&quot;colNum768&quot;:&quot;2&quot;,&quot;colNum680&quot;:&quot;1&quot;,&quot;colNum480&quot;:&quot;1&quot;}\">\n\t<div class=\"qodef-nav-prev\">\n\t\t<svg class=\"qodef-swiper-arrow-left\" xmlns=\"http:\/\/www.w3.org\/2000\/svg\" x=\"0px\" y=\"0px\" viewbox=\"0 0 34.2 32.3\" xml:space=\"preserve\" style=\"stroke-width: 2;\"><line x1=\"0.5\" y1=\"16\" x2=\"33.5\" y2=\"16\"\/><line x1=\"0.3\" y1=\"16.5\" x2=\"16.2\" y2=\"0.7\"\/><line x1=\"0\" y1=\"15.4\" x2=\"16.2\" y2=\"31.6\"\/><\/svg>\t<\/div>\n\t<div class=\"qodef-nav-next\">\n\t\t<svg class=\"qodef-swiper-arrow-right\" xmlns=\"http:\/\/www.w3.org\/2000\/svg\" x=\"0px\" y=\"0px\" viewbox=\"0 0 34.2 32.3\" xml:space=\"preserve\" style=\"stroke-width: 2;\"><line x1=\"0\" y1=\"16\" x2=\"33\" y2=\"16\"\/><line x1=\"17.3\" y1=\"0.7\" x2=\"33.2\" y2=\"16.5\"\/><line x1=\"17.3\" y1=\"31.6\" x2=\"33.5\" y2=\"15.4\"\/><\/svg>\t<\/div>\n\t<div class=\"qodef-grid-inner\">\n\t<div class=\"qodef-e qodef-e-item qodef-grid-item elementor-repeater-item-efdf8bd qodef-reverse\">\n\t<div class=\"qodef-e-line-holder\">\n\t\t<span class=\"qodef-e-line\"><\/span>\n\t\t<div class=\"qodef-e-point-holder\">\n\t\t\t<div class=\"qodef-e-point\">\n\t\t\t\t\t\t\t<\/div>\n\t\t<\/div>\n\t<\/div>\n\t<div class=\"qodef-e-item-inner\">\n\t\t<div class=\"qodef-e-top-holder\">\n\t\t\t<div class=\"qodef-e-image\">\n\t<\/div>\n\t\t<\/div>\n\t\t<div class=\"qodef-e-content-holder\">\n\t\t\t\t\t\t\t<h4 class=\"qodef-e-title\">\n\t\tHow It All Began\t\t<\/h4>\n\t\t\t\t\t<p class=\"qodef-e-text\">\n\t\tThe history of Saracen knives began several years ago. Dr. Otepka, a physician by profession, once received a beautiful knife as a gift. That moment sparked his fascination with knives, and over time, he became an avid collector. His passion led him to a deep study of everything related to the craft \u2014 from the history of knife-making across different eras and cultures to the latest modern technologies.\t<\/p>\n\t\t\t<\/div>\n\t<\/div>\n<\/div>\n<div class=\"qodef-e qodef-e-item qodef-grid-item elementor-repeater-item-7ad3776 qodef-obverse\">\n\t<div class=\"qodef-e-line-holder\">\n\t\t<span class=\"qodef-e-line\"><\/span>\n\t\t<div class=\"qodef-e-point-holder\">\n\t\t\t<div class=\"qodef-e-point\">\n\t\t\t\t\t\t\t<\/div>\n\t\t<\/div>\n\t<\/div>\n\t<div class=\"qodef-e-item-inner\">\n\t\t<div class=\"qodef-e-top-holder\">\n\t\t\t<div class=\"qodef-e-image\">\n\t<\/div>\n\t\t<\/div>\n\t\t<div class=\"qodef-e-content-holder\">\n\t\t\t\t\t\t\t<h4 class=\"qodef-e-title\">\n\t\tThe Birth of an Idea\t\t<\/h4>\n\t\t\t\t\t<p class=\"qodef-e-text\">\n\t\tAll that remained was to connect knowledge, talent, and innovative thinking \u2014 and one day, a groundbreaking idea was born: an entirely new knife prototype unlike any other in the world. What followed was a period of consultation with master bladesmiths, metallurgy experts, and professional chefs. Then came the fine-tuning of details, the search for the right materials, and finally, the partnership with a top-tier, experienced manufacturer.\t<\/p>\n\t\t\t<\/div>\n\t<\/div>\n<\/div>\n<div class=\"qodef-e qodef-e-item qodef-grid-item elementor-repeater-item-f208775 qodef-reverse\">\n\t<div class=\"qodef-e-line-holder\">\n\t\t<span class=\"qodef-e-line\"><\/span>\n\t\t<div class=\"qodef-e-point-holder\">\n\t\t\t<div class=\"qodef-e-point\">\n\t\t\t\t\t\t\t<\/div>\n\t\t<\/div>\n\t<\/div>\n\t<div class=\"qodef-e-item-inner\">\n\t\t<div class=\"qodef-e-top-holder\">\n\t\t\t<div class=\"qodef-e-image\">\n\t<\/div>\n\t\t<\/div>\n\t\t<div class=\"qodef-e-content-holder\">\n\t\t\t\t\t\t\t<h4 class=\"qodef-e-title\">\n\t\tThe First Cut\t\t<\/h4>\n\t\t\t\t\t<p class=\"qodef-e-text\">\n\t\tThe process of registering the unique design continued at patent offices across nearly the entire world. A private presentation to industry professionals was met with tremendous success and even resulted in offers from major international corporations to purchase the complete know-how.\t<\/p>\n\t\t\t<\/div>\n\t<\/div>\n<\/div>\n<div class=\"qodef-e qodef-e-item qodef-grid-item elementor-repeater-item-4862130 qodef-obverse\">\n\t<div class=\"qodef-e-line-holder\">\n\t\t<span class=\"qodef-e-line\"><\/span>\n\t\t<div class=\"qodef-e-point-holder\">\n\t\t\t<div class=\"qodef-e-point\">\n\t\t\t\t\t\t\t<\/div>\n\t\t<\/div>\n\t<\/div>\n\t<div class=\"qodef-e-item-inner\">\n\t\t<div class=\"qodef-e-top-holder\">\n\t\t\t<div class=\"qodef-e-image\">\n\t<\/div>\n\t\t<\/div>\n\t\t<div class=\"qodef-e-content-holder\">\n\t\t\t\t\t\t\t<h4 class=\"qodef-e-title\">\n\t\tWho We Are Today\t\t<\/h4>\n\t\t\t\t\t<p class=\"qodef-e-text\">\n\t\tDear customers, we are honored to present this line of unique knives that redefine expectations and elevate the art of blade-making to a new level.\nSaracen. The story of the knife.\t<\/p>\n\t\t\t<\/div>\n\t<\/div>\n<\/div>\n\t<\/div>\n<\/div>\n\t\t\t\t<\/div>\n\t\t\t\t<\/div>\n\t\t\t\t\t<\/div>\n\t\t\t\t<\/div>\n\t\t<div class=\"elementor-element elementor-element-301b27c e-con-full e-flex e-con e-parent\" data-id=\"301b27c\" data-element_type=\"container\" data-settings=\"{&quot;background_background&quot;:&quot;classic&quot;}\">\n\t\t<div class=\"elementor-element elementor-element-e33fb37 e-con-full e-flex e-con e-child\" data-id=\"e33fb37\" data-element_type=\"container\" data-settings=\"{&quot;background_background&quot;:&quot;classic&quot;}\">\n\t\t\t\t<\/div>\n\t\t<div class=\"elementor-element elementor-element-15eea92 e-con-full e-flex e-con e-child\" data-id=\"15eea92\" data-element_type=\"container\">\n\t\t\t\t<div class=\"elementor-element elementor-element-f649afc elementor-widget elementor-widget-heading\" data-id=\"f649afc\" data-element_type=\"widget\" data-widget_type=\"heading.default\">\n\t\t\t\t<div class=\"elementor-widget-container\">\n\t\t\t\t\t<h3 class=\"elementor-heading-title elementor-size-default\">The Saracen Brand\n<\/h3>\t\t\t\t<\/div>\n\t\t\t\t<\/div>\n\t\t\t\t<div class=\"elementor-element elementor-element-40c6db1 elementor-widget elementor-widget-text-editor\" data-id=\"40c6db1\" data-element_type=\"widget\" data-widget_type=\"text-editor.default\">\n\t\t\t\t<div class=\"elementor-widget-container\">\n\t\t\t\t\t\t\t\t\t<p>Behind the development and production stands the Czech company <strong>IQ Tools s.r.o.<\/strong>, specializuj\u00edc\u00ed se na n\u00e1vrh a v\u00fdrobu pr\u00e9miov\u00fdch no\u017e\u016f. Pod zna\u010dkou Saracen nab\u00edz\u00ed 16 jedine\u010dn\u00fdch model\u016f. Materi\u00e1l \u010d\u00edslo 1 je pro n\u00e1s dama\u0161kov\u00e1 ocel se 67 vrstvami. D\u00edky n\u00ed maj\u00ed no\u017ee Saracen v\u00fdjime\u010dnou ostrost a odolnost. Precizn\u00ed ru\u010dn\u00ed zpracov\u00e1n\u00ed spojuje tradi\u010dn\u00ed \u0159emeslo s modern\u00ed technologi\u00ed a ka\u017ed\u00fd n\u016f\u017e m\u00e1 speci\u00e1ln\u00ed ergonomick\u00fd tvar chr\u00e1n\u011bn\u00fd patentovan\u00fdm vzorem. Ten zaji\u0161\u0165uje pohodl\u00ed, rovnov\u00e1hu a kontrolu i p\u0159i kr\u00e1jen\u00ed nadm\u00edru tvrd\u00fdch surovin.\u00a0<\/p>\t\t\t\t\t\t\t\t<\/div>\n\t\t\t\t<\/div>\n\t\t\t\t<\/div>\n\t\t\t\t<\/div>\n\t\t<div class=\"elementor-element elementor-element-22e0ed4 e-con-full e-flex e-con e-parent\" data-id=\"22e0ed4\" data-element_type=\"container\" data-settings=\"{&quot;background_background&quot;:&quot;classic&quot;}\">\n\t\t<div class=\"elementor-element elementor-element-1e08b32 e-con-full e-flex e-con e-child\" data-id=\"1e08b32\" data-element_type=\"container\" data-settings=\"{&quot;background_background&quot;:&quot;classic&quot;}\">\n\t\t\t\t<\/div>\n\t\t<div class=\"elementor-element elementor-element-360b64e e-con-full e-flex e-con e-child\" data-id=\"360b64e\" data-element_type=\"container\">\n\t\t\t\t<div class=\"elementor-element elementor-element-cba10c1 elementor-widget elementor-widget-heading\" data-id=\"cba10c1\" data-element_type=\"widget\" data-widget_type=\"heading.default\">\n\t\t\t\t<div class=\"elementor-widget-container\">\n\t\t\t\t\t<h3 class=\"elementor-heading-title elementor-size-default\">Our Philosophy<\/h3>\t\t\t\t<\/div>\n\t\t\t\t<\/div>\n\t\t\t\t<div class=\"elementor-element elementor-element-0448306 elementor-widget elementor-widget-text-editor\" data-id=\"0448306\" data-element_type=\"widget\" data-widget_type=\"text-editor.default\">\n\t\t\t\t<div class=\"elementor-widget-container\">\n\t\t\t\t\t\t\t\t\t<p>Our team builds its work on innovation and quality, which is why our products stand out on the international market. The <strong>Saracen<\/strong> line embodies a passion for excellence, unique design, and deep respect for the blade-making tradition.<\/p>\t\t\t\t\t\t\t\t<\/div>\n\t\t\t\t<\/div>\n\t\t\t\t<\/div>\n\t\t\t\t<\/div>\n\t\t\t\t<\/div>","protected":false},"excerpt":{"rendered":"<p>O no\u017ei Jak to v\u0161echno za\u010dalo Historie no\u017e\u016f Saracen se za\u010dala ps\u00e1t p\u0159ed n\u011bkolika lety. Dr. Otepka, p\u016fvodn\u00ed profes\u00ed l\u00e9ka\u0159, tehdy dostal darem kr\u00e1sn\u00fd n\u016f\u017e. Tato ud\u00e1lost st\u00e1la u zrodu jeho z\u00e1jmu o no\u017ee, kter\u00fdch se nakonec stal v\u00e1\u0161niv\u00fdm sb\u011bratelem. Jeho z\u00e1liba ho vedla k hlubok\u00e9mu studiu v\u0161eho, co s n\u00ed souviselo \u2013 od historie [&hellip;]<\/p>","protected":false},"author":1,"featured_media":0,"parent":0,"menu_order":0,"comment_status":"closed","ping_status":"closed","template":"","meta":{"_acf_changed":false,"footnotes":""},"class_list":["post-1256","page","type-page","status-publish","hentry"],"acf":[],"_links":{"self":[{"href":"https:\/\/www.mysaracen.com\/en\/wp-json\/wp\/v2\/pages\/1256","targetHints":{"allow":["GET"]}}],"collection":[{"href":"https:\/\/www.mysaracen.com\/en\/wp-json\/wp\/v2\/pages"}],"about":[{"href":"https:\/\/www.mysaracen.com\/en\/wp-json\/wp\/v2\/types\/page"}],"author":[{"embeddable":true,"href":"https:\/\/www.mysaracen.com\/en\/wp-json\/wp\/v2\/users\/1"}],"replies":[{"embeddable":true,"href":"https:\/\/www.mysaracen.com\/en\/wp-json\/wp\/v2\/comments?post=1256"}],"version-history":[{"count":6,"href":"https:\/\/www.mysaracen.com\/en\/wp-json\/wp\/v2\/pages\/1256\/revisions"}],"predecessor-version":[{"id":2305,"href":"https:\/\/www.mysaracen.com\/en\/wp-json\/wp\/v2\/pages\/1256\/revisions\/2305"}],"wp:attachment":[{"href":"https:\/\/www.mysaracen.com\/en\/wp-json\/wp\/v2\/media?parent=1256"}],"curies":[{"name":"wp","href":"https:\/\/api.w.org\/{rel}","templated":true}]}}